{"id":34,"date":"2024-06-20T13:25:49","date_gmt":"2024-06-20T13:25:49","guid":{"rendered":"https:\/\/fapilor.celeumasandbox.pt\/?page_id=34"},"modified":"2025-12-12T15:56:15","modified_gmt":"2025-12-12T15:56:15","slug":"contactos","status":"publish","type":"page","link":"https:\/\/fapilor.celeumasandbox.pt\/en\/contactos\/","title":{"rendered":"Contacts"},"content":{"rendered":"<p><strong>Address<br \/>\n<\/strong><a href=\"https:\/\/maps.app.goo.gl\/AaRRhk379aiWrwsc7\" target=\"_blank\" rel=\"noopener\">Rua da Estrada Nova, 9C<br \/>\n3360-106 Lorv\u00e3o, Coimbra<\/a><\/p>\n<p><strong>Contacts<\/strong><span style=\"font-size: 10pt;\"><br \/>\n<\/span>Tlf: <a href=\"tel:+351239477308\" target=\"_blank\" rel=\"noopener\">(+351) 239 477 308<\/a><br \/>\n<span style=\"font-size: 10pt;\">Cost of call to national landline network.<\/span><br \/>\nEmail: <a href=\"mailto:geral@fapilor.pt\" target=\"_blank\" rel=\"noopener\">geral@fapilor.pt<\/a><\/p>\n<p><strong>Schedule<br \/>\n<\/strong>Monday to Friday: 9:00 a.m. to 6:00 p.m.<br \/>\nSaturday and Sunday: Closed<\/p>","protected":false},"excerpt":{"rendered":"<p>Morada Rua da Estrada Nova, 9C 3360-106 Lorv\u00e3o, Coimbra Contactos Tlf: (+351) 239 477 308 Custo de chamada para rede fixa nacional. Email: geral@fapilor.pt Hor\u00e1rio Segunda a Sexta: 09:00 &#8211; 18:00 S\u00e1bado e Domingo: Fechado<\/p>","protected":false},"author":1,"featured_media":0,"parent":0,"menu_order":0,"comment_status":"closed","ping_status":"closed","template":"page-contactos.php","meta":{"_acf_changed":false,"footnotes":""},"class_list":["post-34","page","type-page","status-publish","hentry"],"acf":[],"yoast_head":"<!-- This site is optimized with the Yoast SEO plugin v26.1.1 - https:\/\/yoast.com\/wordpress\/plugins\/seo\/ -->\n<title>Contactos - Fapilor<\/title>\n<meta name=\"robots\" content=\"noindex, follow, max-snippet:-1, max-image-preview:large, max-video-preview:-1\" \/>\n<meta property=\"og:locale\" content=\"en_US\" \/>\n<meta property=\"og:type\" content=\"article\" \/>\n<meta property=\"og:title\" content=\"Contactos - Fapilor\" \/>\n<meta property=\"og:description\" content=\"Morada Rua da Estrada Nova, 9C 3360-106 Lorv\u00e3o, Coimbra Contactos Tlf: (+351) 239 477 308 Custo de chamada para rede fixa nacional. Email: geral@fapilor.pt Hor\u00e1rio Segunda a Sexta: 09:00 &#8211; 18:00 S\u00e1bado e Domingo: Fechado\" \/>\n<meta property=\"og:url\" content=\"https:\/\/fapilor.celeumasandbox.pt\/en\/contactos\/\" \/>\n<meta property=\"og:site_name\" content=\"Fapilor\" \/>\n<meta property=\"article:modified_time\" content=\"2025-12-12T15:56:15+00:00\" \/>\n<meta name=\"twitter:card\" content=\"summary_large_image\" \/>\n<meta name=\"twitter:label1\" content=\"Est. reading time\" \/>\n\t<meta name=\"twitter:data1\" content=\"1 minute\" \/>\n<script type=\"application\/ld+json\" class=\"yoast-schema-graph\">{\"@context\":\"https:\/\/schema.org\",\"@graph\":[{\"@type\":\"WebPage\",\"@id\":\"https:\/\/fapilor.celeumasandbox.pt\/contactos\/\",\"url\":\"https:\/\/fapilor.celeumasandbox.pt\/contactos\/\",\"name\":\"Contactos - Fapilor\",\"isPartOf\":{\"@id\":\"https:\/\/fapilor.celeumasandbox.pt\/#website\"},\"datePublished\":\"2024-06-20T13:25:49+00:00\",\"dateModified\":\"2025-12-12T15:56:15+00:00\",\"breadcrumb\":{\"@id\":\"https:\/\/fapilor.celeumasandbox.pt\/contactos\/#breadcrumb\"},\"inLanguage\":\"en-US\",\"potentialAction\":[{\"@type\":\"ReadAction\",\"target\":[\"https:\/\/fapilor.celeumasandbox.pt\/contactos\/\"]}]},{\"@type\":\"BreadcrumbList\",\"@id\":\"https:\/\/fapilor.celeumasandbox.pt\/contactos\/#breadcrumb\",\"itemListElement\":[{\"@type\":\"ListItem\",\"position\":1,\"name\":\"In\u00edcio\",\"item\":\"https:\/\/fapilor.celeumasandbox.pt\/\"},{\"@type\":\"ListItem\",\"position\":2,\"name\":\"Contactos\"}]},{\"@type\":\"WebSite\",\"@id\":\"https:\/\/fapilor.celeumasandbox.pt\/#website\",\"url\":\"https:\/\/fapilor.celeumasandbox.pt\/\",\"name\":\"Fapilor\",\"description\":\"com\u00e9rcio de artigos em madeira\",\"publisher\":{\"@id\":\"https:\/\/fapilor.celeumasandbox.pt\/#organization\"},\"potentialAction\":[{\"@type\":\"SearchAction\",\"target\":{\"@type\":\"EntryPoint\",\"urlTemplate\":\"https:\/\/fapilor.celeumasandbox.pt\/?s={search_term_string}\"},\"query-input\":{\"@type\":\"PropertyValueSpecification\",\"valueRequired\":true,\"valueName\":\"search_term_string\"}}],\"inLanguage\":\"en-US\"},{\"@type\":\"Organization\",\"@id\":\"https:\/\/fapilor.celeumasandbox.pt\/#organization\",\"name\":\"Fapilor\",\"url\":\"https:\/\/fapilor.celeumasandbox.pt\/\",\"logo\":{\"@type\":\"ImageObject\",\"inLanguage\":\"en-US\",\"@id\":\"https:\/\/fapilor.celeumasandbox.pt\/#\/schema\/logo\/image\/\",\"url\":\"https:\/\/fapilor.celeumasandbox.pt\/wp-content\/uploads\/2026\/01\/Logotipo.jpg\",\"contentUrl\":\"https:\/\/fapilor.celeumasandbox.pt\/wp-content\/uploads\/2026\/01\/Logotipo.jpg\",\"width\":698,\"height\":220,\"caption\":\"Fapilor\"},\"image\":{\"@id\":\"https:\/\/fapilor.celeumasandbox.pt\/#\/schema\/logo\/image\/\"}}]}<\/script>\n<!-- \/ Yoast SEO plugin. -->","yoast_head_json":{"title":"Contactos - Fapilor","robots":{"index":"noindex","follow":"follow","max-snippet":"max-snippet:-1","max-image-preview":"max-image-preview:large","max-video-preview":"max-video-preview:-1"},"og_locale":"en_US","og_type":"article","og_title":"Contactos - Fapilor","og_description":"Morada Rua da Estrada Nova, 9C 3360-106 Lorv\u00e3o, Coimbra Contactos Tlf: (+351) 239 477 308 Custo de chamada para rede fixa nacional. Email: geral@fapilor.pt Hor\u00e1rio Segunda a Sexta: 09:00 &#8211; 18:00 S\u00e1bado e Domingo: Fechado","og_url":"https:\/\/fapilor.celeumasandbox.pt\/en\/contactos\/","og_site_name":"Fapilor","article_modified_time":"2025-12-12T15:56:15+00:00","twitter_card":"summary_large_image","twitter_misc":{"Est. reading time":"1 minute"},"schema":{"@context":"https:\/\/schema.org","@graph":[{"@type":"WebPage","@id":"https:\/\/fapilor.celeumasandbox.pt\/contactos\/","url":"https:\/\/fapilor.celeumasandbox.pt\/contactos\/","name":"Contactos - Fapilor","isPartOf":{"@id":"https:\/\/fapilor.celeumasandbox.pt\/#website"},"datePublished":"2024-06-20T13:25:49+00:00","dateModified":"2025-12-12T15:56:15+00:00","breadcrumb":{"@id":"https:\/\/fapilor.celeumasandbox.pt\/contactos\/#breadcrumb"},"inLanguage":"en-US","potentialAction":[{"@type":"ReadAction","target":["https:\/\/fapilor.celeumasandbox.pt\/contactos\/"]}]},{"@type":"BreadcrumbList","@id":"https:\/\/fapilor.celeumasandbox.pt\/contactos\/#breadcrumb","itemListElement":[{"@type":"ListItem","position":1,"name":"In\u00edcio","item":"https:\/\/fapilor.celeumasandbox.pt\/"},{"@type":"ListItem","position":2,"name":"Contactos"}]},{"@type":"WebSite","@id":"https:\/\/fapilor.celeumasandbox.pt\/#website","url":"https:\/\/fapilor.celeumasandbox.pt\/","name":"Fapilor","description":"com\u00e9rcio de artigos em madeira","publisher":{"@id":"https:\/\/fapilor.celeumasandbox.pt\/#organization"},"potentialAction":[{"@type":"SearchAction","target":{"@type":"EntryPoint","urlTemplate":"https:\/\/fapilor.celeumasandbox.pt\/?s={search_term_string}"},"query-input":{"@type":"PropertyValueSpecification","valueRequired":true,"valueName":"search_term_string"}}],"inLanguage":"en-US"},{"@type":"Organization","@id":"https:\/\/fapilor.celeumasandbox.pt\/#organization","name":"Fapilor","url":"https:\/\/fapilor.celeumasandbox.pt\/","logo":{"@type":"ImageObject","inLanguage":"en-US","@id":"https:\/\/fapilor.celeumasandbox.pt\/#\/schema\/logo\/image\/","url":"https:\/\/fapilor.celeumasandbox.pt\/wp-content\/uploads\/2026\/01\/Logotipo.jpg","contentUrl":"https:\/\/fapilor.celeumasandbox.pt\/wp-content\/uploads\/2026\/01\/Logotipo.jpg","width":698,"height":220,"caption":"Fapilor"},"image":{"@id":"https:\/\/fapilor.celeumasandbox.pt\/#\/schema\/logo\/image\/"}}]}},"_links":{"self":[{"href":"https:\/\/fapilor.celeumasandbox.pt\/en\/wp-json\/wp\/v2\/pages\/34","targetHints":{"allow":["GET"]}}],"collection":[{"href":"https:\/\/fapilor.celeumasandbox.pt\/en\/wp-json\/wp\/v2\/pages"}],"about":[{"href":"https:\/\/fapilor.celeumasandbox.pt\/en\/wp-json\/wp\/v2\/types\/page"}],"author":[{"embeddable":true,"href":"https:\/\/fapilor.celeumasandbox.pt\/en\/wp-json\/wp\/v2\/users\/1"}],"replies":[{"embeddable":true,"href":"https:\/\/fapilor.celeumasandbox.pt\/en\/wp-json\/wp\/v2\/comments?post=34"}],"version-history":[{"count":76,"href":"https:\/\/fapilor.celeumasandbox.pt\/en\/wp-json\/wp\/v2\/pages\/34\/revisions"}],"predecessor-version":[{"id":2067,"href":"https:\/\/fapilor.celeumasandbox.pt\/en\/wp-json\/wp\/v2\/pages\/34\/revisions\/2067"}],"wp:attachment":[{"href":"https:\/\/fapilor.celeumasandbox.pt\/en\/wp-json\/wp\/v2\/media?parent=34"}],"curies":[{"name":"wp","href":"https:\/\/api.w.org\/{rel}","templated":true}]}}