{"id":3,"date":"2024-06-19T08:49:24","date_gmt":"2024-06-19T08:49:24","guid":{"rendered":"https:\/\/fapilor.celeumasandbox.pt\/?page_id=3"},"modified":"2025-12-15T08:44:11","modified_gmt":"2025-12-15T08:44:11","slug":"politica-privacidade","status":"publish","type":"page","link":"https:\/\/fapilor.celeumasandbox.pt\/en\/politica-privacidade\/","title":{"rendered":"Privacy and cookie policy"},"content":{"rendered":"<p>Fapilor complies with its obligations under the Data Protection Act and the Act on the processing of personal data and privacy protection in the electronic telecommunications sector. Our Privacy and Cookies Policy explains how we will treat any personal information you provide when using this website and the services we offer through it.<\/p>\n<h2>1 \u2013 Data Collection and Recording<\/h2>\n<p>Fapilor is committed to protecting the privacy of users of its website and, as such, only collects personal information from those who voluntarily provide it, and only uses it for the purposes for which it was provided.<\/p>\n<p>The personal data collected by Fapilor is processed automatically and is used to manage customer records, services, and requests for assistance and support. The collection and processing of personal data is also intended for use by Fapilor for the purposes of:<\/p>\n<p>Ensure the normal functioning of the contracted service, namely by providing data for its management and billing;<br \/>\nCommunicate scheduled interventions, report problems and\/or other situations of relevance and\/or impact on your services or support channels;<br \/>\nPromote the communication required by contract, using the stipulated means for this purpose (General Conditions of Service Provision);<br \/>\nSending of general and promotional information regarding Fapilor and the services it provides.<br \/>\nThe data provided is integrated into a database and is processed automatically, organized, and maintained directly by Fapilor in accordance with Law 67\/98 of October 26. Minors under the age of 18 must obtain permission from their parents or guardians before accessing or providing personal data on the website.<\/p>\n<p>&nbsp;<\/p>\n<h2>2 \u2013 Rectification or deletion of the data provided<\/h2>\n<h2><span style=\"font-size: 18pt;\">2.1 \u2013 Provision of data and rectification<\/span><\/h2>\n<p>Under applicable law, users have the right to access and rectify their data. Fapilor therefore offers customers permanent access to their data, enabling them to rectify it at any time.<\/p>\n<h2><span style=\"font-size: 18pt;\">2.2 \u2013 Free provision of data and acceptance of this privacy policy<\/span><\/h2>\n<p>Any user may freely choose whether or not to provide their data.<\/p>\n<p>Filling out the customer form, contact form, quote request, and newsletter subscription form is considered voluntary provision of data and is understood as a declaration of acceptance by the customer of this privacy policy, as well as the processing and storage of this data by Fapilor for the commercial purposes for which it is intended.<\/p>\n<p>Therefore, Fapilor reserves the right to store and use the data provided by the customer until the customer expressly requests its deletion.<\/p>\n<h2><span style=\"font-size: 18pt;\">2.3 \u2013 Data deletion<\/span><\/h2>\n<p>Although Fapilor does not undertake to store customer data after the deadlines for renewal of its services have been exceeded and\/or after termination of the contract without express information to that effect, Fapilor cannot ascertain with certainty whether or not the customer wishes to remain registered as a Fapilor customer.<\/p>\n<p>If you no longer wish to be contacted by Fapilor and do not want Fapilor to store your data, you must expressly request the deletion of your data from our databases.<\/p>\n<p>For questions related to the processing of your personal data, you may contact Fapilor through the following means:<\/p>\n<p>Tlf:\u00a0<a href=\"tel:+351239477308\" target=\"_blank\" rel=\"noopener\">(+351) 239 477 308<\/a><br \/>\nCost of call to national landline network.<br \/>\nEmail:\u00a0<a href=\"mailto:geral@fapilor.pt\" target=\"_blank\" rel=\"noopener\">geral@fapilor.pt<\/a><\/p>\n<h2>3 \u2013 Security and use of your information<\/h2>\n<p>Fapilor undertakes not to sell, rent, transmit, or otherwise disclose to third parties any personal data submitted by users of our website, except with the user's consent or when legally required to do so. Fapilor ensures that, as far as is reasonable and feasible, appropriate technical measures have been adopted and organized to protect personal data against accidental or unlawful destruction, alteration, and\/or unauthorized disclosure of personal data.<\/p>\n<p>Any attempt to violate the database of this website will be subject to criminal prosecution and criminal charges, as provided for in Portuguese legislation regarding databases, and may result in civil and criminal liability.<\/p>\n<h2>4 \u2013 Retention of personal information<\/h2>\n<p>After collecting individualized personal information voluntarily provided by the user, Fapilor will store and maintain it for the period necessary for the purpose of its processing, until further instructions are given, or until the law requires its deletion.<\/p>\n<p>The storage of this information allows Fapilor to continue providing personalized services without interruption, unless the User expressly objects.<\/p>\n<p>Despite this, Fapilor is not obliged to store customer data after the deadlines for renewal of all its services have been exceeded, without these being paid for.<\/p>\n<h2>5 \u2013 Responsible entity<\/h2>\n<p>The entity responsible for processing the Database is Fapilor, headquartered at Rua da Estrada Nova, 9C 3360-106 Lorv\u00e3o, Coimbra. Any interested party may contact it through the following contacts:<\/p>\n<p>Tlf:\u00a0<a href=\"tel:+351239477308\" target=\"_blank\" rel=\"noopener\">(+351) 239 477 308<\/a><br \/>\nCost of call to national landline network.<br \/>\nEmail:\u00a0<a href=\"mailto:geral@fapilor.pt\" target=\"_blank\" rel=\"noopener\">geral@fapilor.pt<\/a><\/p>\n<h2>6 \u2013 Cookies<\/h2>\n<p>Cookies are small pieces of text sent to your browser by the websites you visit. Cookies play an important role; without them, using the web would be a much more frustrating experience.<\/p>\n<p>Cookies are files that are stored on your computer for the sole purpose of simplifying your browsing experience on fapilor.pt, facilitating your next visit, and making the fapilor.pt website more useful to you (these cookies cannot contain viruses or be executed, as they are not active files).<\/p>\n<p>Cookies are stored on your terminal equipment and accessed by our website only because and when you give your consent through active behavior and by means of a free decision embodied in the acceptance of browsing our website, based on clear and complete information as explained below, namely regarding the purpose of processing.<\/p>\n<p>These cookies can only be read by fapilor.pt and by you.<\/p>\n<p>The cookies we use and their functions:<\/p>\n<p>Strictly necessary cookies \u2013 these are essential cookies that enable our website to respond to any actions you take on the site, such as filling out a survey form. The website will not function properly if this cookie is not used.<\/p>\n<p>Analytical cookies \u2013 these are cookies that enable analytics software to function. This software helps us analyze our website visitors and provide anonymous information, such as browsers used, returning visitors, and response to marketing activities. This information helps us improve the website and your online experience.<\/p>\n<p>Functionality Cookies \u2013 these are cookies that store user preferences regarding the use of the website, so that it is not necessary to reconfigure the website each time you visit it.<\/p>\n<p>Persistent cookies \u2013 these are cookies that are stored on access devices (computer, mobile phone, smartphone, or tablet) at the level of the internet browser and are used whenever the user visits the website again. In general, they are used to direct navigation according to the user's interests, allowing for a more personalized service;<\/p>\n<p>Session cookies \u2013 these are temporary cookies that are generated and available until you log out. The next time you access your internet browser, the cookies will no longer be stored. The information obtained allows us to manage sessions, identify problems, and provide a better browsing experience.<\/p>\n<p>Users are allowed to accept, refuse, or delete cookies, namely by selecting the appropriate settings in their browser. By disabling cookies, you may prevent some of our web services from functioning properly.<\/p>\n<p>For more information about cookies, including which cookies have been set and how they can be managed and deleted, visit www.allaboutcookies.org. If you do not want your visits to websites to be tracked by Google Analytics, go to http:\/\/tools.google.com\/dlpage\/gaoptout.<\/p>\n<p>Acceptance of these terms<\/p>\n<p>By using this website, you consent to the collection and use of your information as set out in this Cookie Policy.<\/p>","protected":false},"excerpt":{"rendered":"<p>A Fapilor cumpre com as obriga\u00e7\u00f5es que para si decorrem da Lei de Prote\u00e7\u00e3o de Dados e da Lei de tratamento de dados pessoais e de prote\u00e7\u00e3o da privacidade no sector das telecomunica\u00e7\u00f5es eletr\u00f3nicas. A nossa Pol\u00edtica de Privacidade e Cookies explica como iremos tratar qualquer informa\u00e7\u00e3o pessoal que nos fornecer quando usar este website [&hellip;]<\/p>","protected":false},"author":1,"featured_media":0,"parent":0,"menu_order":0,"comment_status":"closed","ping_status":"open","template":"","meta":{"_acf_changed":false,"footnotes":""},"class_list":["post-3","page","type-page","status-publish","hentry"],"acf":[],"yoast_head":"<!-- This site is optimized with the Yoast SEO plugin v26.1.1 - https:\/\/yoast.com\/wordpress\/plugins\/seo\/ -->\n<title>Pol\u00edtica de privacidade e cookies - Fapilor<\/title>\n<meta name=\"robots\" content=\"noindex, follow, max-snippet:-1, max-image-preview:large, max-video-preview:-1\" \/>\n<meta property=\"og:locale\" content=\"en_US\" \/>\n<meta property=\"og:type\" content=\"article\" \/>\n<meta property=\"og:title\" content=\"Pol\u00edtica de privacidade e cookies - Fapilor\" \/>\n<meta property=\"og:description\" content=\"A Fapilor cumpre com as obriga\u00e7\u00f5es que para si decorrem da Lei de Prote\u00e7\u00e3o de Dados e da Lei de tratamento de dados pessoais e de prote\u00e7\u00e3o da privacidade no sector das telecomunica\u00e7\u00f5es eletr\u00f3nicas. A nossa Pol\u00edtica de Privacidade e Cookies explica como iremos tratar qualquer informa\u00e7\u00e3o pessoal que nos fornecer quando usar este website [&hellip;]\" \/>\n<meta property=\"og:url\" content=\"https:\/\/fapilor.celeumasandbox.pt\/en\/politica-privacidade\/\" \/>\n<meta property=\"og:site_name\" content=\"Fapilor\" \/>\n<meta property=\"article:modified_time\" content=\"2025-12-15T08:44:11+00:00\" \/>\n<meta name=\"twitter:card\" content=\"summary_large_image\" \/>\n<meta name=\"twitter:label1\" content=\"Est. reading time\" \/>\n\t<meta name=\"twitter:data1\" content=\"8 minutes\" \/>\n<script type=\"application\/ld+json\" class=\"yoast-schema-graph\">{\"@context\":\"https:\/\/schema.org\",\"@graph\":[{\"@type\":\"WebPage\",\"@id\":\"https:\/\/fapilor.celeumasandbox.pt\/politica-privacidade\/\",\"url\":\"https:\/\/fapilor.celeumasandbox.pt\/politica-privacidade\/\",\"name\":\"Pol\u00edtica de privacidade e cookies - Fapilor\",\"isPartOf\":{\"@id\":\"https:\/\/fapilor.celeumasandbox.pt\/#website\"},\"datePublished\":\"2024-06-19T08:49:24+00:00\",\"dateModified\":\"2025-12-15T08:44:11+00:00\",\"breadcrumb\":{\"@id\":\"https:\/\/fapilor.celeumasandbox.pt\/politica-privacidade\/#breadcrumb\"},\"inLanguage\":\"en-US\",\"potentialAction\":[{\"@type\":\"ReadAction\",\"target\":[\"https:\/\/fapilor.celeumasandbox.pt\/politica-privacidade\/\"]}]},{\"@type\":\"BreadcrumbList\",\"@id\":\"https:\/\/fapilor.celeumasandbox.pt\/politica-privacidade\/#breadcrumb\",\"itemListElement\":[{\"@type\":\"ListItem\",\"position\":1,\"name\":\"In\u00edcio\",\"item\":\"https:\/\/fapilor.celeumasandbox.pt\/\"},{\"@type\":\"ListItem\",\"position\":2,\"name\":\"Pol\u00edtica de privacidade e cookies\"}]},{\"@type\":\"WebSite\",\"@id\":\"https:\/\/fapilor.celeumasandbox.pt\/#website\",\"url\":\"https:\/\/fapilor.celeumasandbox.pt\/\",\"name\":\"Fapilor\",\"description\":\"com\u00e9rcio de artigos em madeira\",\"publisher\":{\"@id\":\"https:\/\/fapilor.celeumasandbox.pt\/#organization\"},\"potentialAction\":[{\"@type\":\"SearchAction\",\"target\":{\"@type\":\"EntryPoint\",\"urlTemplate\":\"https:\/\/fapilor.celeumasandbox.pt\/?s={search_term_string}\"},\"query-input\":{\"@type\":\"PropertyValueSpecification\",\"valueRequired\":true,\"valueName\":\"search_term_string\"}}],\"inLanguage\":\"en-US\"},{\"@type\":\"Organization\",\"@id\":\"https:\/\/fapilor.celeumasandbox.pt\/#organization\",\"name\":\"Fapilor\",\"url\":\"https:\/\/fapilor.celeumasandbox.pt\/\",\"logo\":{\"@type\":\"ImageObject\",\"inLanguage\":\"en-US\",\"@id\":\"https:\/\/fapilor.celeumasandbox.pt\/#\/schema\/logo\/image\/\",\"url\":\"https:\/\/fapilor.celeumasandbox.pt\/wp-content\/uploads\/2026\/01\/Logotipo.jpg\",\"contentUrl\":\"https:\/\/fapilor.celeumasandbox.pt\/wp-content\/uploads\/2026\/01\/Logotipo.jpg\",\"width\":698,\"height\":220,\"caption\":\"Fapilor\"},\"image\":{\"@id\":\"https:\/\/fapilor.celeumasandbox.pt\/#\/schema\/logo\/image\/\"}}]}<\/script>\n<!-- \/ Yoast SEO plugin. -->","yoast_head_json":{"title":"Pol\u00edtica de privacidade e cookies - Fapilor","robots":{"index":"noindex","follow":"follow","max-snippet":"max-snippet:-1","max-image-preview":"max-image-preview:large","max-video-preview":"max-video-preview:-1"},"og_locale":"en_US","og_type":"article","og_title":"Pol\u00edtica de privacidade e cookies - Fapilor","og_description":"A Fapilor cumpre com as obriga\u00e7\u00f5es que para si decorrem da Lei de Prote\u00e7\u00e3o de Dados e da Lei de tratamento de dados pessoais e de prote\u00e7\u00e3o da privacidade no sector das telecomunica\u00e7\u00f5es eletr\u00f3nicas. A nossa Pol\u00edtica de Privacidade e Cookies explica como iremos tratar qualquer informa\u00e7\u00e3o pessoal que nos fornecer quando usar este website [&hellip;]","og_url":"https:\/\/fapilor.celeumasandbox.pt\/en\/politica-privacidade\/","og_site_name":"Fapilor","article_modified_time":"2025-12-15T08:44:11+00:00","twitter_card":"summary_large_image","twitter_misc":{"Est. reading time":"8 minutes"},"schema":{"@context":"https:\/\/schema.org","@graph":[{"@type":"WebPage","@id":"https:\/\/fapilor.celeumasandbox.pt\/politica-privacidade\/","url":"https:\/\/fapilor.celeumasandbox.pt\/politica-privacidade\/","name":"Pol\u00edtica de privacidade e cookies - Fapilor","isPartOf":{"@id":"https:\/\/fapilor.celeumasandbox.pt\/#website"},"datePublished":"2024-06-19T08:49:24+00:00","dateModified":"2025-12-15T08:44:11+00:00","breadcrumb":{"@id":"https:\/\/fapilor.celeumasandbox.pt\/politica-privacidade\/#breadcrumb"},"inLanguage":"en-US","potentialAction":[{"@type":"ReadAction","target":["https:\/\/fapilor.celeumasandbox.pt\/politica-privacidade\/"]}]},{"@type":"BreadcrumbList","@id":"https:\/\/fapilor.celeumasandbox.pt\/politica-privacidade\/#breadcrumb","itemListElement":[{"@type":"ListItem","position":1,"name":"In\u00edcio","item":"https:\/\/fapilor.celeumasandbox.pt\/"},{"@type":"ListItem","position":2,"name":"Pol\u00edtica de privacidade e cookies"}]},{"@type":"WebSite","@id":"https:\/\/fapilor.celeumasandbox.pt\/#website","url":"https:\/\/fapilor.celeumasandbox.pt\/","name":"Fapilor","description":"com\u00e9rcio de artigos em madeira","publisher":{"@id":"https:\/\/fapilor.celeumasandbox.pt\/#organization"},"potentialAction":[{"@type":"SearchAction","target":{"@type":"EntryPoint","urlTemplate":"https:\/\/fapilor.celeumasandbox.pt\/?s={search_term_string}"},"query-input":{"@type":"PropertyValueSpecification","valueRequired":true,"valueName":"search_term_string"}}],"inLanguage":"en-US"},{"@type":"Organization","@id":"https:\/\/fapilor.celeumasandbox.pt\/#organization","name":"Fapilor","url":"https:\/\/fapilor.celeumasandbox.pt\/","logo":{"@type":"ImageObject","inLanguage":"en-US","@id":"https:\/\/fapilor.celeumasandbox.pt\/#\/schema\/logo\/image\/","url":"https:\/\/fapilor.celeumasandbox.pt\/wp-content\/uploads\/2026\/01\/Logotipo.jpg","contentUrl":"https:\/\/fapilor.celeumasandbox.pt\/wp-content\/uploads\/2026\/01\/Logotipo.jpg","width":698,"height":220,"caption":"Fapilor"},"image":{"@id":"https:\/\/fapilor.celeumasandbox.pt\/#\/schema\/logo\/image\/"}}]}},"_links":{"self":[{"href":"https:\/\/fapilor.celeumasandbox.pt\/en\/wp-json\/wp\/v2\/pages\/3","targetHints":{"allow":["GET"]}}],"collection":[{"href":"https:\/\/fapilor.celeumasandbox.pt\/en\/wp-json\/wp\/v2\/pages"}],"about":[{"href":"https:\/\/fapilor.celeumasandbox.pt\/en\/wp-json\/wp\/v2\/types\/page"}],"author":[{"embeddable":true,"href":"https:\/\/fapilor.celeumasandbox.pt\/en\/wp-json\/wp\/v2\/users\/1"}],"replies":[{"embeddable":true,"href":"https:\/\/fapilor.celeumasandbox.pt\/en\/wp-json\/wp\/v2\/comments?post=3"}],"version-history":[{"count":25,"href":"https:\/\/fapilor.celeumasandbox.pt\/en\/wp-json\/wp\/v2\/pages\/3\/revisions"}],"predecessor-version":[{"id":2074,"href":"https:\/\/fapilor.celeumasandbox.pt\/en\/wp-json\/wp\/v2\/pages\/3\/revisions\/2074"}],"wp:attachment":[{"href":"https:\/\/fapilor.celeumasandbox.pt\/en\/wp-json\/wp\/v2\/media?parent=3"}],"curies":[{"name":"wp","href":"https:\/\/api.w.org\/{rel}","templated":true}]}}