{"id":2,"date":"2024-06-19T08:49:24","date_gmt":"2024-06-19T08:49:24","guid":{"rendered":"https:\/\/fapilor.celeumasandbox.pt\/?page_id=2"},"modified":"2026-02-20T12:22:43","modified_gmt":"2026-02-20T12:22:43","slug":"sobre-nos","status":"publish","type":"page","link":"https:\/\/fapilor.celeumasandbox.pt\/en\/sobre-nos\/","title":{"rendered":"FAPILOR"},"content":{"rendered":"<p class=\"western\">Fapilor has been operating in Portugal since 1982 and is dedicated to the trade of wooden items, such as toothpicks (individual, cocktail, skewers) and other disposable wooden items, namely cutlery (knives, forks, spoons) and coffee stirrers.  More recently, we have introduced paper disposables (plates, cups, straws), in line with the European Union's latest guidelines on reducing the use of plastics.<\/p>\n<p class=\"western\">We strive for the highest quality products and best production control practices, and we are certified by EN ISO 9001:2015, EN ISO 14001:2015, and IFS HPC standards for quality, environment, and food safety, respectively.<\/p>","protected":false},"excerpt":{"rendered":"<p>A Fapilor est\u00e1 implementada em Portugal desde 1982 e dedica-se ao com\u00e9rcio de artigos em madeira, tal como palitos (individuais, cocktail, espetos) e outros artigos descart\u00e1veis em madeira, nomeadamente talheres (facas, garfos, colheres) e mexedores de caf\u00e9.\u00a0 Mais recentemente, introduzimos os descart\u00e1veis em papel (pratos, copos, palhinhas), indo ao encontro das mais novas premissas da [&hellip;]<\/p>","protected":false},"author":1,"featured_media":2031,"parent":0,"menu_order":0,"comment_status":"closed","ping_status":"open","template":"page-about.php","meta":{"_acf_changed":false,"footnotes":""},"class_list":["post-2","page","type-page","status-publish","has-post-thumbnail","hentry"],"acf":[],"yoast_head":"<!-- This site is optimized with the Yoast SEO plugin v26.1.1 - https:\/\/yoast.com\/wordpress\/plugins\/seo\/ -->\n<title>A FAPILOR - Fapilor<\/title>\n<meta name=\"robots\" content=\"noindex, follow, max-snippet:-1, max-image-preview:large, max-video-preview:-1\" \/>\n<meta property=\"og:locale\" content=\"en_US\" \/>\n<meta property=\"og:type\" content=\"article\" \/>\n<meta property=\"og:title\" content=\"A FAPILOR - Fapilor\" \/>\n<meta property=\"og:description\" content=\"A Fapilor est\u00e1 implementada em Portugal desde 1982 e dedica-se ao com\u00e9rcio de artigos em madeira, tal como palitos (individuais, cocktail, espetos) e outros artigos descart\u00e1veis em madeira, nomeadamente talheres (facas, garfos, colheres) e mexedores de caf\u00e9.\u00a0 Mais recentemente, introduzimos os descart\u00e1veis em papel (pratos, copos, palhinhas), indo ao encontro das mais novas premissas da [&hellip;]\" \/>\n<meta property=\"og:url\" content=\"https:\/\/fapilor.celeumasandbox.pt\/en\/sobre-nos\/\" \/>\n<meta property=\"og:site_name\" content=\"Fapilor\" \/>\n<meta property=\"article:modified_time\" content=\"2026-02-20T12:22:43+00:00\" \/>\n<meta property=\"og:image\" content=\"https:\/\/fapilor.celeumasandbox.pt\/wp-content\/uploads\/2025\/12\/banner1-scaled.jpg\" \/>\n\t<meta property=\"og:image:width\" content=\"2560\" \/>\n\t<meta property=\"og:image:height\" content=\"1478\" \/>\n\t<meta property=\"og:image:type\" content=\"image\/jpeg\" \/>\n<meta name=\"twitter:card\" content=\"summary_large_image\" \/>\n<meta name=\"twitter:label1\" content=\"Est. reading time\" \/>\n\t<meta name=\"twitter:data1\" content=\"1 minute\" \/>\n<script type=\"application\/ld+json\" class=\"yoast-schema-graph\">{\"@context\":\"https:\/\/schema.org\",\"@graph\":[{\"@type\":\"WebPage\",\"@id\":\"https:\/\/fapilor.celeumasandbox.pt\/sobre-nos\/\",\"url\":\"https:\/\/fapilor.celeumasandbox.pt\/sobre-nos\/\",\"name\":\"A FAPILOR - Fapilor\",\"isPartOf\":{\"@id\":\"https:\/\/fapilor.celeumasandbox.pt\/#website\"},\"primaryImageOfPage\":{\"@id\":\"https:\/\/fapilor.celeumasandbox.pt\/sobre-nos\/#primaryimage\"},\"image\":{\"@id\":\"https:\/\/fapilor.celeumasandbox.pt\/sobre-nos\/#primaryimage\"},\"thumbnailUrl\":\"https:\/\/fapilor.celeumasandbox.pt\/wp-content\/uploads\/2025\/12\/banner1-scaled.jpg\",\"datePublished\":\"2024-06-19T08:49:24+00:00\",\"dateModified\":\"2026-02-20T12:22:43+00:00\",\"breadcrumb\":{\"@id\":\"https:\/\/fapilor.celeumasandbox.pt\/sobre-nos\/#breadcrumb\"},\"inLanguage\":\"en-US\",\"potentialAction\":[{\"@type\":\"ReadAction\",\"target\":[\"https:\/\/fapilor.celeumasandbox.pt\/sobre-nos\/\"]}]},{\"@type\":\"ImageObject\",\"inLanguage\":\"en-US\",\"@id\":\"https:\/\/fapilor.celeumasandbox.pt\/sobre-nos\/#primaryimage\",\"url\":\"https:\/\/fapilor.celeumasandbox.pt\/wp-content\/uploads\/2025\/12\/banner1-scaled.jpg\",\"contentUrl\":\"https:\/\/fapilor.celeumasandbox.pt\/wp-content\/uploads\/2025\/12\/banner1-scaled.jpg\",\"width\":2560,\"height\":1478},{\"@type\":\"BreadcrumbList\",\"@id\":\"https:\/\/fapilor.celeumasandbox.pt\/sobre-nos\/#breadcrumb\",\"itemListElement\":[{\"@type\":\"ListItem\",\"position\":1,\"name\":\"In\u00edcio\",\"item\":\"https:\/\/fapilor.celeumasandbox.pt\/\"},{\"@type\":\"ListItem\",\"position\":2,\"name\":\"A FAPILOR\"}]},{\"@type\":\"WebSite\",\"@id\":\"https:\/\/fapilor.celeumasandbox.pt\/#website\",\"url\":\"https:\/\/fapilor.celeumasandbox.pt\/\",\"name\":\"Fapilor\",\"description\":\"com\u00e9rcio de artigos em madeira\",\"publisher\":{\"@id\":\"https:\/\/fapilor.celeumasandbox.pt\/#organization\"},\"potentialAction\":[{\"@type\":\"SearchAction\",\"target\":{\"@type\":\"EntryPoint\",\"urlTemplate\":\"https:\/\/fapilor.celeumasandbox.pt\/?s={search_term_string}\"},\"query-input\":{\"@type\":\"PropertyValueSpecification\",\"valueRequired\":true,\"valueName\":\"search_term_string\"}}],\"inLanguage\":\"en-US\"},{\"@type\":\"Organization\",\"@id\":\"https:\/\/fapilor.celeumasandbox.pt\/#organization\",\"name\":\"Fapilor\",\"url\":\"https:\/\/fapilor.celeumasandbox.pt\/\",\"logo\":{\"@type\":\"ImageObject\",\"inLanguage\":\"en-US\",\"@id\":\"https:\/\/fapilor.celeumasandbox.pt\/#\/schema\/logo\/image\/\",\"url\":\"https:\/\/fapilor.celeumasandbox.pt\/wp-content\/uploads\/2026\/01\/Logotipo.jpg\",\"contentUrl\":\"https:\/\/fapilor.celeumasandbox.pt\/wp-content\/uploads\/2026\/01\/Logotipo.jpg\",\"width\":698,\"height\":220,\"caption\":\"Fapilor\"},\"image\":{\"@id\":\"https:\/\/fapilor.celeumasandbox.pt\/#\/schema\/logo\/image\/\"}}]}<\/script>\n<!-- \/ Yoast SEO plugin. -->","yoast_head_json":{"title":"A FAPILOR - Fapilor","robots":{"index":"noindex","follow":"follow","max-snippet":"max-snippet:-1","max-image-preview":"max-image-preview:large","max-video-preview":"max-video-preview:-1"},"og_locale":"en_US","og_type":"article","og_title":"A FAPILOR - Fapilor","og_description":"A Fapilor est\u00e1 implementada em Portugal desde 1982 e dedica-se ao com\u00e9rcio de artigos em madeira, tal como palitos (individuais, cocktail, espetos) e outros artigos descart\u00e1veis em madeira, nomeadamente talheres (facas, garfos, colheres) e mexedores de caf\u00e9.\u00a0 Mais recentemente, introduzimos os descart\u00e1veis em papel (pratos, copos, palhinhas), indo ao encontro das mais novas premissas da [&hellip;]","og_url":"https:\/\/fapilor.celeumasandbox.pt\/en\/sobre-nos\/","og_site_name":"Fapilor","article_modified_time":"2026-02-20T12:22:43+00:00","og_image":[{"width":2560,"height":1478,"url":"https:\/\/fapilor.celeumasandbox.pt\/wp-content\/uploads\/2025\/12\/banner1-scaled.jpg","type":"image\/jpeg"}],"twitter_card":"summary_large_image","twitter_misc":{"Est. reading time":"1 minute"},"schema":{"@context":"https:\/\/schema.org","@graph":[{"@type":"WebPage","@id":"https:\/\/fapilor.celeumasandbox.pt\/sobre-nos\/","url":"https:\/\/fapilor.celeumasandbox.pt\/sobre-nos\/","name":"A FAPILOR - Fapilor","isPartOf":{"@id":"https:\/\/fapilor.celeumasandbox.pt\/#website"},"primaryImageOfPage":{"@id":"https:\/\/fapilor.celeumasandbox.pt\/sobre-nos\/#primaryimage"},"image":{"@id":"https:\/\/fapilor.celeumasandbox.pt\/sobre-nos\/#primaryimage"},"thumbnailUrl":"https:\/\/fapilor.celeumasandbox.pt\/wp-content\/uploads\/2025\/12\/banner1-scaled.jpg","datePublished":"2024-06-19T08:49:24+00:00","dateModified":"2026-02-20T12:22:43+00:00","breadcrumb":{"@id":"https:\/\/fapilor.celeumasandbox.pt\/sobre-nos\/#breadcrumb"},"inLanguage":"en-US","potentialAction":[{"@type":"ReadAction","target":["https:\/\/fapilor.celeumasandbox.pt\/sobre-nos\/"]}]},{"@type":"ImageObject","inLanguage":"en-US","@id":"https:\/\/fapilor.celeumasandbox.pt\/sobre-nos\/#primaryimage","url":"https:\/\/fapilor.celeumasandbox.pt\/wp-content\/uploads\/2025\/12\/banner1-scaled.jpg","contentUrl":"https:\/\/fapilor.celeumasandbox.pt\/wp-content\/uploads\/2025\/12\/banner1-scaled.jpg","width":2560,"height":1478},{"@type":"BreadcrumbList","@id":"https:\/\/fapilor.celeumasandbox.pt\/sobre-nos\/#breadcrumb","itemListElement":[{"@type":"ListItem","position":1,"name":"In\u00edcio","item":"https:\/\/fapilor.celeumasandbox.pt\/"},{"@type":"ListItem","position":2,"name":"A FAPILOR"}]},{"@type":"WebSite","@id":"https:\/\/fapilor.celeumasandbox.pt\/#website","url":"https:\/\/fapilor.celeumasandbox.pt\/","name":"Fapilor","description":"com\u00e9rcio de artigos em madeira","publisher":{"@id":"https:\/\/fapilor.celeumasandbox.pt\/#organization"},"potentialAction":[{"@type":"SearchAction","target":{"@type":"EntryPoint","urlTemplate":"https:\/\/fapilor.celeumasandbox.pt\/?s={search_term_string}"},"query-input":{"@type":"PropertyValueSpecification","valueRequired":true,"valueName":"search_term_string"}}],"inLanguage":"en-US"},{"@type":"Organization","@id":"https:\/\/fapilor.celeumasandbox.pt\/#organization","name":"Fapilor","url":"https:\/\/fapilor.celeumasandbox.pt\/","logo":{"@type":"ImageObject","inLanguage":"en-US","@id":"https:\/\/fapilor.celeumasandbox.pt\/#\/schema\/logo\/image\/","url":"https:\/\/fapilor.celeumasandbox.pt\/wp-content\/uploads\/2026\/01\/Logotipo.jpg","contentUrl":"https:\/\/fapilor.celeumasandbox.pt\/wp-content\/uploads\/2026\/01\/Logotipo.jpg","width":698,"height":220,"caption":"Fapilor"},"image":{"@id":"https:\/\/fapilor.celeumasandbox.pt\/#\/schema\/logo\/image\/"}}]}},"_links":{"self":[{"href":"https:\/\/fapilor.celeumasandbox.pt\/en\/wp-json\/wp\/v2\/pages\/2","targetHints":{"allow":["GET"]}}],"collection":[{"href":"https:\/\/fapilor.celeumasandbox.pt\/en\/wp-json\/wp\/v2\/pages"}],"about":[{"href":"https:\/\/fapilor.celeumasandbox.pt\/en\/wp-json\/wp\/v2\/types\/page"}],"author":[{"embeddable":true,"href":"https:\/\/fapilor.celeumasandbox.pt\/en\/wp-json\/wp\/v2\/users\/1"}],"replies":[{"embeddable":true,"href":"https:\/\/fapilor.celeumasandbox.pt\/en\/wp-json\/wp\/v2\/comments?post=2"}],"version-history":[{"count":95,"href":"https:\/\/fapilor.celeumasandbox.pt\/en\/wp-json\/wp\/v2\/pages\/2\/revisions"}],"predecessor-version":[{"id":2137,"href":"https:\/\/fapilor.celeumasandbox.pt\/en\/wp-json\/wp\/v2\/pages\/2\/revisions\/2137"}],"wp:featuredmedia":[{"embeddable":true,"href":"https:\/\/fapilor.celeumasandbox.pt\/en\/wp-json\/wp\/v2\/media\/2031"}],"wp:attachment":[{"href":"https:\/\/fapilor.celeumasandbox.pt\/en\/wp-json\/wp\/v2\/media?parent=2"}],"curies":[{"name":"wp","href":"https:\/\/api.w.org\/{rel}","templated":true}]}}