{"id":1804,"date":"2025-07-23T10:12:20","date_gmt":"2025-07-23T10:12:20","guid":{"rendered":"https:\/\/fapilor.celeumasandbox.pt\/?page_id=1804"},"modified":"2026-01-20T14:39:17","modified_gmt":"2026-01-20T14:39:17","slug":"novidades","status":"publish","type":"page","link":"https:\/\/fapilor.celeumasandbox.pt\/en\/novidades\/","title":{"rendered":"News"},"content":{"rendered":"<p data-start=\"136\" data-end=\"434\">Here we share everything that is new at FAPILOR \u2014 from the latest projects and production updates to stories about the tradition of Lorv\u00e3o toothpicks, sustainability initiatives, and company events.<\/p>\n<p data-start=\"136\" data-end=\"434\">Follow us to stay up to date with our news and learn more about how tradition and innovation go hand in hand in our daily lives.<\/p>","protected":false},"excerpt":{"rendered":"<p>Aqui partilhamos tudo o que \u00e9 novo na FAPILOR \u2014 desde os projetos mais recentes e atualiza\u00e7\u00f5es na produ\u00e7\u00e3o, at\u00e9 hist\u00f3rias sobre a tradi\u00e7\u00e3o dos palitos de Lorv\u00e3o, iniciativas de sustentabilidade e eventos da empresa. Acompanhe-nos para ficar por dentro das nossas novidades e conhecer mais sobre como tradi\u00e7\u00e3o e inova\u00e7\u00e3o caminham juntas no nosso [&hellip;]<\/p>","protected":false},"author":1,"featured_media":0,"parent":0,"menu_order":0,"comment_status":"closed","ping_status":"closed","template":"page-artigos3.php","meta":{"_acf_changed":false,"footnotes":""},"class_list":["post-1804","page","type-page","status-publish","hentry"],"acf":[],"yoast_head":"<!-- This site is optimized with the Yoast SEO plugin v26.1.1 - https:\/\/yoast.com\/wordpress\/plugins\/seo\/ -->\n<title>Novidades - Fapilor<\/title>\n<meta name=\"robots\" content=\"noindex, follow, max-snippet:-1, max-image-preview:large, max-video-preview:-1\" \/>\n<meta property=\"og:locale\" content=\"en_US\" \/>\n<meta property=\"og:type\" content=\"article\" \/>\n<meta property=\"og:title\" content=\"Novidades - Fapilor\" \/>\n<meta property=\"og:description\" content=\"Aqui partilhamos tudo o que \u00e9 novo na FAPILOR \u2014 desde os projetos mais recentes e atualiza\u00e7\u00f5es na produ\u00e7\u00e3o, at\u00e9 hist\u00f3rias sobre a tradi\u00e7\u00e3o dos palitos de Lorv\u00e3o, iniciativas de sustentabilidade e eventos da empresa. Acompanhe-nos para ficar por dentro das nossas novidades e conhecer mais sobre como tradi\u00e7\u00e3o e inova\u00e7\u00e3o caminham juntas no nosso [&hellip;]\" \/>\n<meta property=\"og:url\" content=\"https:\/\/fapilor.celeumasandbox.pt\/en\/novidades\/\" \/>\n<meta property=\"og:site_name\" content=\"Fapilor\" \/>\n<meta property=\"article:modified_time\" content=\"2026-01-20T14:39:17+00:00\" \/>\n<meta name=\"twitter:card\" content=\"summary_large_image\" \/>\n<meta name=\"twitter:label1\" content=\"Est. reading time\" \/>\n\t<meta name=\"twitter:data1\" content=\"1 minute\" \/>\n<script type=\"application\/ld+json\" class=\"yoast-schema-graph\">{\"@context\":\"https:\/\/schema.org\",\"@graph\":[{\"@type\":\"WebPage\",\"@id\":\"https:\/\/fapilor.celeumasandbox.pt\/novidades\/\",\"url\":\"https:\/\/fapilor.celeumasandbox.pt\/novidades\/\",\"name\":\"Novidades - Fapilor\",\"isPartOf\":{\"@id\":\"https:\/\/fapilor.celeumasandbox.pt\/#website\"},\"datePublished\":\"2025-07-23T10:12:20+00:00\",\"dateModified\":\"2026-01-20T14:39:17+00:00\",\"breadcrumb\":{\"@id\":\"https:\/\/fapilor.celeumasandbox.pt\/novidades\/#breadcrumb\"},\"inLanguage\":\"en-US\",\"potentialAction\":[{\"@type\":\"ReadAction\",\"target\":[\"https:\/\/fapilor.celeumasandbox.pt\/novidades\/\"]}]},{\"@type\":\"BreadcrumbList\",\"@id\":\"https:\/\/fapilor.celeumasandbox.pt\/novidades\/#breadcrumb\",\"itemListElement\":[{\"@type\":\"ListItem\",\"position\":1,\"name\":\"In\u00edcio\",\"item\":\"https:\/\/fapilor.celeumasandbox.pt\/\"},{\"@type\":\"ListItem\",\"position\":2,\"name\":\"Novidades\"}]},{\"@type\":\"WebSite\",\"@id\":\"https:\/\/fapilor.celeumasandbox.pt\/#website\",\"url\":\"https:\/\/fapilor.celeumasandbox.pt\/\",\"name\":\"Fapilor\",\"description\":\"com\u00e9rcio de artigos em madeira\",\"publisher\":{\"@id\":\"https:\/\/fapilor.celeumasandbox.pt\/#organization\"},\"potentialAction\":[{\"@type\":\"SearchAction\",\"target\":{\"@type\":\"EntryPoint\",\"urlTemplate\":\"https:\/\/fapilor.celeumasandbox.pt\/?s={search_term_string}\"},\"query-input\":{\"@type\":\"PropertyValueSpecification\",\"valueRequired\":true,\"valueName\":\"search_term_string\"}}],\"inLanguage\":\"en-US\"},{\"@type\":\"Organization\",\"@id\":\"https:\/\/fapilor.celeumasandbox.pt\/#organization\",\"name\":\"Fapilor\",\"url\":\"https:\/\/fapilor.celeumasandbox.pt\/\",\"logo\":{\"@type\":\"ImageObject\",\"inLanguage\":\"en-US\",\"@id\":\"https:\/\/fapilor.celeumasandbox.pt\/#\/schema\/logo\/image\/\",\"url\":\"https:\/\/fapilor.celeumasandbox.pt\/wp-content\/uploads\/2026\/01\/Logotipo.jpg\",\"contentUrl\":\"https:\/\/fapilor.celeumasandbox.pt\/wp-content\/uploads\/2026\/01\/Logotipo.jpg\",\"width\":698,\"height\":220,\"caption\":\"Fapilor\"},\"image\":{\"@id\":\"https:\/\/fapilor.celeumasandbox.pt\/#\/schema\/logo\/image\/\"}}]}<\/script>\n<!-- \/ Yoast SEO plugin. -->","yoast_head_json":{"title":"Novidades - Fapilor","robots":{"index":"noindex","follow":"follow","max-snippet":"max-snippet:-1","max-image-preview":"max-image-preview:large","max-video-preview":"max-video-preview:-1"},"og_locale":"en_US","og_type":"article","og_title":"Novidades - Fapilor","og_description":"Aqui partilhamos tudo o que \u00e9 novo na FAPILOR \u2014 desde os projetos mais recentes e atualiza\u00e7\u00f5es na produ\u00e7\u00e3o, at\u00e9 hist\u00f3rias sobre a tradi\u00e7\u00e3o dos palitos de Lorv\u00e3o, iniciativas de sustentabilidade e eventos da empresa. Acompanhe-nos para ficar por dentro das nossas novidades e conhecer mais sobre como tradi\u00e7\u00e3o e inova\u00e7\u00e3o caminham juntas no nosso [&hellip;]","og_url":"https:\/\/fapilor.celeumasandbox.pt\/en\/novidades\/","og_site_name":"Fapilor","article_modified_time":"2026-01-20T14:39:17+00:00","twitter_card":"summary_large_image","twitter_misc":{"Est. reading time":"1 minute"},"schema":{"@context":"https:\/\/schema.org","@graph":[{"@type":"WebPage","@id":"https:\/\/fapilor.celeumasandbox.pt\/novidades\/","url":"https:\/\/fapilor.celeumasandbox.pt\/novidades\/","name":"Novidades - Fapilor","isPartOf":{"@id":"https:\/\/fapilor.celeumasandbox.pt\/#website"},"datePublished":"2025-07-23T10:12:20+00:00","dateModified":"2026-01-20T14:39:17+00:00","breadcrumb":{"@id":"https:\/\/fapilor.celeumasandbox.pt\/novidades\/#breadcrumb"},"inLanguage":"en-US","potentialAction":[{"@type":"ReadAction","target":["https:\/\/fapilor.celeumasandbox.pt\/novidades\/"]}]},{"@type":"BreadcrumbList","@id":"https:\/\/fapilor.celeumasandbox.pt\/novidades\/#breadcrumb","itemListElement":[{"@type":"ListItem","position":1,"name":"In\u00edcio","item":"https:\/\/fapilor.celeumasandbox.pt\/"},{"@type":"ListItem","position":2,"name":"Novidades"}]},{"@type":"WebSite","@id":"https:\/\/fapilor.celeumasandbox.pt\/#website","url":"https:\/\/fapilor.celeumasandbox.pt\/","name":"Fapilor","description":"com\u00e9rcio de artigos em madeira","publisher":{"@id":"https:\/\/fapilor.celeumasandbox.pt\/#organization"},"potentialAction":[{"@type":"SearchAction","target":{"@type":"EntryPoint","urlTemplate":"https:\/\/fapilor.celeumasandbox.pt\/?s={search_term_string}"},"query-input":{"@type":"PropertyValueSpecification","valueRequired":true,"valueName":"search_term_string"}}],"inLanguage":"en-US"},{"@type":"Organization","@id":"https:\/\/fapilor.celeumasandbox.pt\/#organization","name":"Fapilor","url":"https:\/\/fapilor.celeumasandbox.pt\/","logo":{"@type":"ImageObject","inLanguage":"en-US","@id":"https:\/\/fapilor.celeumasandbox.pt\/#\/schema\/logo\/image\/","url":"https:\/\/fapilor.celeumasandbox.pt\/wp-content\/uploads\/2026\/01\/Logotipo.jpg","contentUrl":"https:\/\/fapilor.celeumasandbox.pt\/wp-content\/uploads\/2026\/01\/Logotipo.jpg","width":698,"height":220,"caption":"Fapilor"},"image":{"@id":"https:\/\/fapilor.celeumasandbox.pt\/#\/schema\/logo\/image\/"}}]}},"_links":{"self":[{"href":"https:\/\/fapilor.celeumasandbox.pt\/en\/wp-json\/wp\/v2\/pages\/1804","targetHints":{"allow":["GET"]}}],"collection":[{"href":"https:\/\/fapilor.celeumasandbox.pt\/en\/wp-json\/wp\/v2\/pages"}],"about":[{"href":"https:\/\/fapilor.celeumasandbox.pt\/en\/wp-json\/wp\/v2\/types\/page"}],"author":[{"embeddable":true,"href":"https:\/\/fapilor.celeumasandbox.pt\/en\/wp-json\/wp\/v2\/users\/1"}],"replies":[{"embeddable":true,"href":"https:\/\/fapilor.celeumasandbox.pt\/en\/wp-json\/wp\/v2\/comments?post=1804"}],"version-history":[{"count":8,"href":"https:\/\/fapilor.celeumasandbox.pt\/en\/wp-json\/wp\/v2\/pages\/1804\/revisions"}],"predecessor-version":[{"id":2117,"href":"https:\/\/fapilor.celeumasandbox.pt\/en\/wp-json\/wp\/v2\/pages\/1804\/revisions\/2117"}],"wp:attachment":[{"href":"https:\/\/fapilor.celeumasandbox.pt\/en\/wp-json\/wp\/v2\/media?parent=1804"}],"curies":[{"name":"wp","href":"https:\/\/api.w.org\/{rel}","templated":true}]}}